{"id":987,"date":"2024-08-17T20:59:32","date_gmt":"2024-08-17T20:59:32","guid":{"rendered":"https:\/\/fiveoaths.com\/wordpress\/?page_id=987"},"modified":"2025-08-16T19:23:18","modified_gmt":"2025-08-16T19:23:18","slug":"tirneach-society","status":"publish","type":"page","link":"https:\/\/fiveoaths.com\/wordpress\/explore-the-world\/tirneach-society\/","title":{"rendered":"History and Society"},"content":{"rendered":"<h2 class=\"wp-block-heading\" id=\"history-of-tirneach\">History of Tirneach<\/h2>\n\n\n<p id=\"block-0a674f15-9fb1-4a50-bfb4-10390f8321a9\">The Five Realms has a long and storied history. You can find some of the highlights here. For reference, Cumhacht na R\u00e9ig was formed (and the game began) in 797 TR. <a href=\"https:\/\/fiveoaths.com\/wordpress\/explore-the-world\/the-galloglaigh\/history-of-the-band\/\" data-type=\"page\" data-id=\"1090\">You can read about the missions the band has gone on here.<\/a><\/p>\n\n\n\n<ul>\n<li><a href=\"https:\/\/fiveoaths.com\/wordpress\/explore-the-world\/the-reig\/\">The First R\u00e9ig<\/a> of legend, who brought the Shaper to Tirneach and forged the Five Realms eight hundred years ago. TR, or Teacht an R\u00e9ig, refers to time since their landing.<\/li>\n\n\n\n<li><a href=\"https:\/\/fiveoaths.com\/wordpress\/explore-the-world\/important-battles\/\">Important Battles<\/a> fought by the last r\u00e9ig, Mael\u00e1ine U\u00ed Chonchobhair.<\/li>\n\n\n\n<li><a href=\"https:\/\/fiveoaths.com\/wordpress\/?page_id=809\">The Season of Uncertainty<\/a> following the death of the last r\u00e9ig, Mael\u00e1ine U\u00ed Chonchobhair. From 798-799 TR there was chaos, as Gwyllt rampaged across the land.<\/li>\n<\/ul>\n\n\n<h2 class=\"wp-block-heading\" id=\"tirneach-society\">Tirneach Society<\/h2>\n\n\n<p>These pages help understand the custom and culture of Tirneach.<\/p>\n\n\n\n<ul>\n<li><a href=\"https:\/\/fiveoaths.com\/wordpress\/explore-the-world\/tirneach-society\/law-and-order-in-tirneach\/\" data-type=\"page\" data-id=\"477\">Law and Order in Tirneach<\/a> covers how disputes are resolved in Tirneach.<\/li>\n\n\n\n<li><a href=\"https:\/\/fiveoaths.com\/wordpress\/explore-the-world\/tirneach-society\/marriage-in-tirneach\/\" data-type=\"page\" data-id=\"839\">Marriage in Tirneach<\/a> expands on a variety of unions within the setting.<\/li>\n\n\n\n<li><a href=\"https:\/\/fiveoaths.com\/wordpress\/explore-the-world\/the-five-realms\/adoption-in-tirneach\/\" data-type=\"page\" data-id=\"843\">Adoption in Tirneach<\/a> is commonly practiced and well established.<\/li>\n\n\n\n<li><a href=\"https:\/\/fiveoaths.com\/wordpress\/explore-the-world\/tirneach-society\/tiarnai-and-high-families\/\" data-type=\"page\" data-id=\"429\">The Tiarna\u00ed and High Families<\/a> is an overview of the high and mighty of Tirneach.<\/li>\n\n\n\n<li><a href=\"https:\/\/fiveoaths.com\/wordpress\/explore-the-world\/tirneach-society\/the-calendar\/\" data-type=\"page\" data-id=\"480\">The Calendar in Tirneach<\/a> is quite different from our own, being mostly concerned with seasons.<\/li>\n\n\n\n<li><a href=\"https:\/\/fiveoaths.com\/wordpress\/explore-the-world\/tirneach-society\/trade-and-commerce-in-the-five-realms\/\" data-type=\"page\" data-id=\"847\">Trade and Commerce in the Five Realms<\/a> breaks down the economy of Tirneach.<\/li>\n\n\n\n<li><a href=\"https:\/\/fiveoaths.com\/wordpress\/explore-the-world\/tirneach-society\/the-peacesworn\/\" data-type=\"page\" data-id=\"859\">The Peacesworn<\/a> are those who have taken the powerful oath of peace, and may be of interest to those who want to play non-combatant characters.<\/li>\n\n\n\n<li><a href=\"https:\/\/fiveoaths.com\/wordpress\/explore-the-world\/tirneach-society\/names-in-the-five-realms\/\" data-type=\"page\" data-id=\"1340\">Names in the Five Realms<\/a> gives a guide to understanding the naming conventions of the land.<\/li>\n<\/ul>\n","protected":false},"excerpt":{"rendered":"<p>History of Tirneach The Five Realms has a long and storied history. You can find some of the highlights here. For reference, Cumhacht na R\u00e9ig was formed (and the game began) in 797 TR. You can read about the missions the band has gone on here. Tirneach Society These pages help understand the custom and&hellip;&nbsp;<\/p>\n","protected":false},"author":1,"featured_media":0,"parent":25,"menu_order":0,"comment_status":"closed","ping_status":"closed","template":"","meta":{"neve_meta_sidebar":"","neve_meta_container":"","neve_meta_enable_content_width":"","neve_meta_content_width":0,"neve_meta_title_alignment":"","neve_meta_author_avatar":"","neve_post_elements_order":"","neve_meta_disable_header":"","neve_meta_disable_footer":"","neve_meta_disable_title":"","footnotes":""},"_links":{"self":[{"href":"https:\/\/fiveoaths.com\/wordpress\/wp-json\/wp\/v2\/pages\/987"}],"collection":[{"href":"https:\/\/fiveoaths.com\/wordpress\/wp-json\/wp\/v2\/pages"}],"about":[{"href":"https:\/\/fiveoaths.com\/wordpress\/wp-json\/wp\/v2\/types\/page"}],"author":[{"embeddable":true,"href":"https:\/\/fiveoaths.com\/wordpress\/wp-json\/wp\/v2\/users\/1"}],"replies":[{"embeddable":true,"href":"https:\/\/fiveoaths.com\/wordpress\/wp-json\/wp\/v2\/comments?post=987"}],"version-history":[{"count":5,"href":"https:\/\/fiveoaths.com\/wordpress\/wp-json\/wp\/v2\/pages\/987\/revisions"}],"predecessor-version":[{"id":1354,"href":"https:\/\/fiveoaths.com\/wordpress\/wp-json\/wp\/v2\/pages\/987\/revisions\/1354"}],"up":[{"embeddable":true,"href":"https:\/\/fiveoaths.com\/wordpress\/wp-json\/wp\/v2\/pages\/25"}],"wp:attachment":[{"href":"https:\/\/fiveoaths.com\/wordpress\/wp-json\/wp\/v2\/media?parent=987"}],"curies":[{"name":"wp","href":"https:\/\/api.w.org\/{rel}","templated":true}]}}