{"id":429,"date":"2022-07-13T18:03:58","date_gmt":"2022-07-13T18:03:58","guid":{"rendered":"https:\/\/fiveoaths.com\/wordpress\/?page_id=429"},"modified":"2025-10-22T20:23:42","modified_gmt":"2025-10-22T20:23:42","slug":"tiarnai-and-high-families","status":"publish","type":"page","link":"https:\/\/fiveoaths.com\/wordpress\/explore-the-world\/tirneach-society\/tiarnai-and-high-families\/","title":{"rendered":"Tiarna\u00ed and High Families"},"content":{"rendered":"<h3><span style=\"font-weight: 400;\">Na Tiarna\u00ed\u00a0<\/span><\/h3>\n<p><span style=\"font-weight: 400;\">The rulers of the\u00a0 Five Realms, collectively known as the Tiarna\u00ed (<\/span><i><span style=\"font-weight: 400;\">teer-nee<\/span><\/i><span style=\"font-weight: 400;\">), form three ranks: Rider, Iarla (<\/span><i><span style=\"font-weight: 400;\">eer-lah), <\/span><\/i><span style=\"font-weight: 400;\">and R\u00e9ig (<\/span><i><span style=\"font-weight: 400;\">rayg).<\/span><\/i><span style=\"font-weight: 400;\"> The children of the Tiarna\u00ed are eligible to serve as Galloglaigh by birthright.<\/span><\/p>\n<h4><span style=\"font-weight: 400;\">Riders<\/span><\/h4>\n<p><span style=\"font-weight: 400;\">The lowest rank is the Rider, who rules directly over the common folk. A Rider has been granted their land by the Iarla of the Realm (or the R\u00e9ig in the case of Uasa) in recognition of a great service, almost always while serving as a gall\u00f3glach themselves. The size of the land granted is commensurate with the scale of the service and varies widely, though the minimum is as far as a person can see when mounted on horseback. In the case of an especially great service, for example saving the life of the Iarla in battle, the grant might be made for more than one generation. This is the only official way of keeping land within a Rider\u2019s family as an inheritance, however for influential Riders their offspring or foster children will find ample opportunity to distinguish themselves and be granted their parent\u2019s land for their lifetime.<\/span><\/p>\n<p><span style=\"font-weight: 400;\">All Riders are considered equal, which enables the constant squabbling and skirmishing over borders between them, but naturally those who have done the greatest deeds and who possess the most land have the most power within the Realm and sway with the Iarla, but even they are limited to what they can hold by strength of arms against the Gwyllt and their rivals\/neighbours. Within Draiod there is another wrinkle to the principle of equal status between Riders; the <a href=\"https:\/\/fiveoaths.com\/wordpress\/explore-the-world\/the-five-realms\/draiod\/the-saoi-of-draiod\/\">Assembly of the Saoi<\/a> ruled Dra\u00edod before the R\u00e9ig united the Realms, and many say they still rule. The council is composed of the foremost scholars and tactical geniuses of the Learned Realm, and they advise (not to say direct) the Iarla in their rule of Dra\u00edod. Each and every Saoi is also a Rider, and while there are Riders who are not Saoi, their holdings are generally above ground and therefore deemed far less important. This situation causes ongoing consternation from without Draiod, but the Dra\u00edodaigh provide much expertise in the Shaper\u2019s arts so it has so far been tolerated.\u00a0<\/span><\/p>\n<p><span style=\"font-weight: 400;\">Riders are strictly limited in the size of the militia they can employ and officially may only deploy them defensively. Most Riders with smaller holdings must hire the gall\u00f3glaigh to deal with larger threats or to make their ambitions a reality. A Rider is expected to manage their own income, whether by maintaining their own lands or extracting tithes or rent from the people who live there.<\/span><\/p>\n<p><span style=\"font-weight: 400;\">Every five years a Reckoning takes place in the Realms, with the R\u00e9ig\u2019s clerks circulating to a different Realm each year. The Reckoning is both census and ordnance survey, taking a record of who rules where and how many people they rule over. The official borders are thus redrawn every five years, and the strength of the Rider\u2019s claims reaches its zenith at this time. The months preceding a Reckoning are called \u201cthe golden time\u201d by the gall\u00f3glaigh bands, on account of the extra work they can count on as Riders set their sights on nearby lands.<\/span><\/p>\n<h4><span style=\"font-weight: 400;\">Iarlas<\/span><\/h4>\n<p><span style=\"font-weight: 400;\">Above the Riders, and nominally keeping them in line, is the Iarla. An Iarla rules over each Realm except Uasa, and within their Realm their word is second only to the R\u00e9ig\u2019s. The Riders are bound to them by an oath of fealty, renewed every five years at the Reckoning. Each Iarla has their seat in and around the capital settlement of their Realm, but they may keep lands elsewhere, as is the case with Siabhal. The Iarlas are charged with keeping the peace in their Realm, which some choose to see as keeping it from the brink of civil war while others prefer to employ guards to patrol the R\u00e9ig\u2019s Road and keep the gall\u00f3glaigh bands on their books from one end of the year to the other.<\/span><\/p>\n<p><span style=\"font-weight: 400;\">Just like the Riders, the Iarlas must renew their fealty to the R\u00e9ig every five years, at the Reckoning of Uasa. The oaths they swear are not widely known, but legend says they are like those sworn by the gall\u00f3glaigh, but all the more potent, filling both the Iarlas and the R\u00e9ig with torrents of power from the Shaper Themself. These oaths have not stopped attempts (some successful) at seizing the throne over the centuries, but the terrible price that breaking the oaths extracts from traitors has made sure that they have not lived long after their attempt.<\/span><\/p>\n<h3><span style=\"font-weight: 400;\">The High Families<\/span><\/h3>\n<p><span style=\"font-weight: 400;\">Tirneach is an ancient place, and before the advent of the R\u00e9ig there were other societies with rulers who traced their lineages back to even more far flung times. Although they have no official standing as rulers in the Five Realms of today,<\/span> <span style=\"font-weight: 400;\">their descendants remain powerful and influential. Often they are among the wealthiest families in their realm and can be expected to have the ear of their Rider or Iarla.\u00a0<\/span><\/p>\n<p><span style=\"font-weight: 400;\">These High Families, or more formally: Na Ard-Teaghlaigh (<\/span><i><span style=\"font-weight: 400;\">ard chai-lig), <\/span><\/i><span style=\"font-weight: 400;\">often play important roles in the running of their realms. Local coordination of tax collection, road maintenance, irrigation, and many other tasks are assigned to these prestigious families, providing them with the power and responsibility appropriate to their station. This provides an arena of competition away from the battlefield for the High Families, as a family that is seen as failing to adequately fulfil their duties might see their responsibilities poached by ambitious peers. Additionally, all members of the High Families are eligible to serve as Galloglaigh by birthright<\/span><\/p>\n<p><span style=\"font-weight: 400;\">Another thing that sets the High Families apart from the common folk of Tirneach is their practice of inheritance by Tanistry. Shortly after a new Head of the Family takes up the role, the family meets to appoint their Tanist; who will serve as their second and is expected to take up the role of Head of the Family upon their death. The eligible candidates and the eligible electors are any among the family whose parent or grandparent was a Family Head. This leads to broad and contentious competitions which do not always succeed in remaining civil. However, the practice has ensured that the High Families have never been short on heirs to take up their name and that those heirs must prove their worth before they can lead the family. The chieftains of Uasa are unique among the High Families in scorning this practice.\u00a0<\/span><\/p>\n<h4><span style=\"font-weight: 400;\">The Ruby Families of Siabhal<\/span><\/h4>\n<p><span style=\"font-weight: 400;\">The most illustrious of the High Families are the Ruby Families of the Realm of Siabhal, named for the Ruby Court in the great city of Iomra. The Ruby Families claim descent from heroes of legend that fought against the Gwyllt at a time when the Gwyllt\u2019s hold on Tirneach was all the more fearsome.\u00a0<\/span><\/p>\n<p><span style=\"font-weight: 400;\">The legends of Siabhal, preeminent among them the Legend of Lobhan, serve as a way of cataloguing the Hundred Heroes of Siabhal and the status of those descended from them. High Families from Siabhal generally style themselves according to their most famous ancestor. For example: \u201cCillian Ua Fhiona\u201d or \u201cSi\u00fan N\u00ed Shi\u00fan\u201d, referring to Fiona Who Slew the Red Prince and Si\u00fan Who Leapt the Flaming Wall respectively.\u00a0<\/span><\/p>\n<p><span style=\"font-weight: 400;\">Most of the Ruby Families count at least one Rider among their number, but some keep lands without one, which speaks to the status the Ruby Families have maintained in their Realm. The Iarla of Siabhal has always been a descendant of the royalty of the Kingdom of Siabhal, themselves descended from the greatest of the Hundred Heroes, the iconic Finian the Brave.<\/span><\/p>\n<h4><span style=\"font-weight: 400;\">The Dearbhfines of Uasa<\/span><\/h4>\n<p>The chieftains of the tribes of Uasa descend from the shamans who brokered the original deals with the water spirits of the swamps and waterways of Uasa. These pacts protected the tribes from the Gwyllt in the terrible days before the R\u00e9ig came and set Tirneach free. While the tribes of Uasa no longer hold much political power, their leaders are still afforded great respect and all Uasan families know which tribe they owe loyalty to by tradition. The families of the chieftains are today known as the Dearbhfines.<\/p>\n<p>Each dearbhfine has its own rites and customs, often informed by the <a href=\"https:\/\/fiveoaths.com\/wordpress\/explore-the-world\/the-five-realms\/uasa\/tribal-legacies-of-uasa\/\">tribal legacy<\/a> from which it hails. Many of the dearbhfines practice a peculiar inheritance ritual wherein the children of the current Family Head must draw hidden objects from under water. The precise details vary from family to family and the objects they retrieve determine who shall inherit.<\/p>\n<h4><span style=\"font-weight: 400;\">The Courtly Clanns of Baol<\/span><\/h4>\n<p><span style=\"font-weight: 400;\">In the highlands of Baol, some clanns claim preeminence amongst the others based on descent from individuals who served as advisors, scholars, and generals in the Court of the Amber King and Queen. The other clanns each fall into the orbit of one of the Courtly Clanns, though the patterns of alliance and loyalty shift and change over time. The power and influence of these Clanns has declined as the wealth and power of the Guilds has grown in the lowlands. However, the Courtly Clanns stay firm in their traditional lands and traditional ways, faithfully awaiting the foretold return of the Amber Hall.<\/span><\/p>\n<h4><span style=\"font-weight: 400;\">The Drakeblooded Houses<\/span><\/h4>\n<p><span style=\"font-weight: 400;\">Every Drakeblooded can trace their lineage back to the dragons of old, and the Drakeblooded Houses keep careful family trees and hold tight to their traditional duties. Virtually every Drakeblooded is a member of one of the ancient houses, though there are a few individuals who are unfortunate enough to be unclaimed at birth or exiled later in life. Exiles are encouraged to allow their children to be adopted by members of their ancestral house in good standing and it is unusual for them to refuse. The Houses take their reputations very seriously and any scion of the house who is spending more reputation than they\u2019re contributing won\u2019t be left uncorrected for long.<\/span><\/p>\n","protected":false},"excerpt":{"rendered":"<p>Na Tiarna\u00ed\u00a0 The rulers of the\u00a0 Five Realms, collectively known as the Tiarna\u00ed (teer-nee), form three ranks: Rider, Iarla (eer-lah), and R\u00e9ig (rayg). The children of the Tiarna\u00ed are eligible to serve as Galloglaigh by birthright. Riders The lowest rank is the Rider, who rules directly over the common folk. A Rider has been granted&hellip;&nbsp;<\/p>\n","protected":false},"author":1,"featured_media":0,"parent":987,"menu_order":0,"comment_status":"closed","ping_status":"closed","template":"","meta":{"neve_meta_sidebar":"","neve_meta_container":"","neve_meta_enable_content_width":"","neve_meta_content_width":0,"neve_meta_title_alignment":"","neve_meta_author_avatar":"","neve_post_elements_order":"","neve_meta_disable_header":"","neve_meta_disable_footer":"","neve_meta_disable_title":"","footnotes":""},"_links":{"self":[{"href":"https:\/\/fiveoaths.com\/wordpress\/wp-json\/wp\/v2\/pages\/429"}],"collection":[{"href":"https:\/\/fiveoaths.com\/wordpress\/wp-json\/wp\/v2\/pages"}],"about":[{"href":"https:\/\/fiveoaths.com\/wordpress\/wp-json\/wp\/v2\/types\/page"}],"author":[{"embeddable":true,"href":"https:\/\/fiveoaths.com\/wordpress\/wp-json\/wp\/v2\/users\/1"}],"replies":[{"embeddable":true,"href":"https:\/\/fiveoaths.com\/wordpress\/wp-json\/wp\/v2\/comments?post=429"}],"version-history":[{"count":7,"href":"https:\/\/fiveoaths.com\/wordpress\/wp-json\/wp\/v2\/pages\/429\/revisions"}],"predecessor-version":[{"id":1388,"href":"https:\/\/fiveoaths.com\/wordpress\/wp-json\/wp\/v2\/pages\/429\/revisions\/1388"}],"up":[{"embeddable":true,"href":"https:\/\/fiveoaths.com\/wordpress\/wp-json\/wp\/v2\/pages\/987"}],"wp:attachment":[{"href":"https:\/\/fiveoaths.com\/wordpress\/wp-json\/wp\/v2\/media?parent=429"}],"curies":[{"name":"wp","href":"https:\/\/api.w.org\/{rel}","templated":true}]}}