{"id":300,"date":"2022-04-28T14:35:44","date_gmt":"2022-04-28T14:35:44","guid":{"rendered":"https:\/\/fiveoaths.com\/wordpress\/?page_id=300"},"modified":"2026-01-20T16:02:12","modified_gmt":"2026-01-20T16:02:12","slug":"the-reig","status":"publish","type":"page","link":"https:\/\/fiveoaths.com\/wordpress\/explore-the-world\/the-reig\/","title":{"rendered":"The R\u00e9ig"},"content":{"rendered":"\n<p><span style=\"font-weight: 400;\">The R\u00e9ig is the ultimate ruler of the Five Realms, <a href=\"https:\/\/fiveoaths.com\/wordpress\/explore-the-world\/the-reig\/the-first-reig\/\" data-type=\"page\" data-id=\"1409\">which were unified by the First R\u00e9ig<\/a>. The ancient oaths made to the R\u00e9ig are what bind the Realms together, and everyone from the Iarlas of the Realms to the lowliest peasant owes their allegiance to the R\u00e9ig. In the martial society of the Five Realms, the R\u00e9ig is expected to be the greatest of generals and a heroic warrior in their own right. They are also the prime instrument of the Shaper\u2019s will in Tirneach, just as the first R\u00e9ig brought the word and power of the Shaper to a land benighted by the Gwyllt. The R\u00e9ig must also rule with wisdom and with justice, for although their word is law, there is precedent for a tyrannical R\u00e9ig to be deposed and replaced.<\/span><\/p>\n\n\n\n<p><span style=\"font-weight: 400;\">The First Oath that bands of gall\u00f3glaigh swear is to the R\u00e9ig, to serve and obey them above all others. The R\u00e9ig allows the gall\u00f3glaigh to work for the Tiarna\u00ed and High Families throughout the Realms, but they take a tithe of the money that the gall\u00f3glaigh earn this way. Only by serving the R\u00e9ig directly can the gall\u00f3glaigh keep all of their pay, and only the most renowned bands can hope to have that honour.<\/span><\/p>\n\n\n\n<p><span style=\"font-weight: 400;\">The R\u00e9ig\u2019s seat is at Corroch in the Realm of Uasa. Uasa is the only Realm not to have an Iarla, instead the R\u00e9ig and their counsellors rule the Realm directly along with the Five Realms as a whole. The Citadel of the Shaper is in Corroch also, and the R\u00e9ig is advised by the Council of Prelates, the six heads of the Five Orders, in both spiritual and temporal matters. The gall\u00f3glaigh have their headquarters in Corroch. They often vye with House Roaring Thunder, the Drakeblooded House that serves as the R\u00e9ig\u2019s bodyguards, to show who are the R\u00e9ig\u2019s most dedicated servants.<\/span><\/p>\n\n\n\n<p>The current r\u00e9ig is <em>Tiernan Mac Aonghusa<\/em>. The highlander first made his name as vanquisher of the Bloodwater Spirits, winning a lowland riding and a marriage for his daring deeds. During the Season of Uncertainty, he led the campaign against Mair\u00ed the Brute, the murderous, cruel usurper who sought to claim the throne of the R\u00e9ig. He personally slew her in battle. Tiernan was to duel Iarla \u00c9althna Ni \u00d3rfhaiche of Siabhal for the throne, but on the morning of the duel she knelt before him and proclaimed she had had a vision, and that it was the Shaper&#8217;s will that Tiernan Mac Aonghusa be r\u00e9ig. Since ascending the throne, Tiernan has been trying to bring order after the chaos of the Season of Uncertainty, and sending bands of gall\u00f3glaigh to drive back the Great Forest with a fervour not seen in generations.<\/p>\n\n\n<h2 class=\"wp-block-heading\" id=\"further-reading\">Further Reading<\/h2>\n\n\n<p class=\"has-medium-font-size\"><a href=\"https:\/\/fiveoaths.com\/wordpress\/explore-the-world\/the-reig\/the-first-reig\/\" data-type=\"page\" data-id=\"1409\">The First R\u00e9ig<\/a><\/p>\n\n\n\n<p class=\"has-medium-font-size\"><a href=\"https:\/\/fiveoaths.com\/wordpress\/explore-the-world\/the-reig\/historical-reigs\/\" data-type=\"page\" data-id=\"1406\">Other Historical R\u00e9igs<\/a><\/p>\n","protected":false},"excerpt":{"rendered":"<p>The R\u00e9ig is the ultimate ruler of the Five Realms, which were unified by the First R\u00e9ig. The ancient oaths made to the R\u00e9ig are what bind the Realms together, and everyone from the Iarlas of the Realms to the lowliest peasant owes their allegiance to the R\u00e9ig. In the martial society of the Five&hellip;&nbsp;<\/p>\n","protected":false},"author":1,"featured_media":0,"parent":25,"menu_order":0,"comment_status":"closed","ping_status":"closed","template":"","meta":{"neve_meta_sidebar":"","neve_meta_container":"","neve_meta_enable_content_width":"","neve_meta_content_width":0,"neve_meta_title_alignment":"","neve_meta_author_avatar":"","neve_post_elements_order":"","neve_meta_disable_header":"","neve_meta_disable_footer":"","neve_meta_disable_title":"","footnotes":""},"_links":{"self":[{"href":"https:\/\/fiveoaths.com\/wordpress\/wp-json\/wp\/v2\/pages\/300"}],"collection":[{"href":"https:\/\/fiveoaths.com\/wordpress\/wp-json\/wp\/v2\/pages"}],"about":[{"href":"https:\/\/fiveoaths.com\/wordpress\/wp-json\/wp\/v2\/types\/page"}],"author":[{"embeddable":true,"href":"https:\/\/fiveoaths.com\/wordpress\/wp-json\/wp\/v2\/users\/1"}],"replies":[{"embeddable":true,"href":"https:\/\/fiveoaths.com\/wordpress\/wp-json\/wp\/v2\/comments?post=300"}],"version-history":[{"count":6,"href":"https:\/\/fiveoaths.com\/wordpress\/wp-json\/wp\/v2\/pages\/300\/revisions"}],"predecessor-version":[{"id":1415,"href":"https:\/\/fiveoaths.com\/wordpress\/wp-json\/wp\/v2\/pages\/300\/revisions\/1415"}],"up":[{"embeddable":true,"href":"https:\/\/fiveoaths.com\/wordpress\/wp-json\/wp\/v2\/pages\/25"}],"wp:attachment":[{"href":"https:\/\/fiveoaths.com\/wordpress\/wp-json\/wp\/v2\/media?parent=300"}],"curies":[{"name":"wp","href":"https:\/\/api.w.org\/{rel}","templated":true}]}}