{"id":264,"date":"2022-04-19T14:21:55","date_gmt":"2022-04-19T14:21:55","guid":{"rendered":"https:\/\/fiveoaths.com\/wordpress\/?page_id=264"},"modified":"2025-05-11T15:46:59","modified_gmt":"2025-05-11T15:46:59","slug":"human","status":"publish","type":"page","link":"https:\/\/fiveoaths.com\/wordpress\/explore-the-world\/the-species\/human\/","title":{"rendered":"Human"},"content":{"rendered":"\n<p><i><span style=\"font-weight: 400;\">&nbsp;\u201cDear Arch Chancellor,<br><br><\/span><\/i><i><span style=\"font-weight: 400;\">I must confess that I do not understand your command to cease my current project and find a new topic of research.<br><\/span><\/i><i><span style=\"font-weight: 400;\">As you said in your letter, yes, clochtine is one of the most dangerous substances found in the caves of Dra\u00edod. It is highly volatile and combusts in contact with air.<br><\/span><\/i><i><span style=\"font-weight: 400;\">This is exactly why I believe it would be an interesting and vital experiment to create a Fathach out of animated clochtine.<br><\/span><\/i><i><span style=\"font-weight: 400;\">No one has before created a Fathach out of this rock, and knowledge must be discovered.<br><\/span><\/i><i><span style=\"font-weight: 400;\">I implore you to change your mind and allow me to continue this research.<br><br><\/span><\/i><i><span style=\"font-weight: 400;\">Student Naoise Hollaigh.\u201d<\/span><\/i><\/p>\n\n\n<h3 class=\"wp-block-heading\" id=\"who-are-the-humans\"><b>Who are the Humans?<\/b><\/h3>\n\n\n<p><span style=\"font-weight: 400;\">A daring people who triumph in adversity, Humans are one of the playable species in Five Oaths. If you\u2019re playing a human character you could be playing an alchemist who pushes the boundaries of what is thought possible by others\u2026sometimes with explosive effects! Alternatively you could be playing a brash warrior who flings themselves headlong into the fray. Most human characters will share an enthusiastic outlook on life and are always seeking new opportunities to innovate and experiment. This is an attitude that other species regard as blindly optimistic at its best and flagrantly reckless at its worst.<\/span><\/p>\n\n\n\n<p><span style=\"font-weight: 400;\">A cautious human, and there are a few, is one of the most frustrated people in the Five Realm, having to deal not just with the recklessness of their own friends and family, but the prejudice of others and seeing them flinch every time they go near something dangerous. Many give up and behave as others will treat them, leaving a rare few to insist that \u201cbecause I want to see what happens\u201d is not a valid reason to do anything.<\/span><\/p>\n\n\n\n<p><span style=\"font-weight: 400;\">Humans are common in the gall\u00f3glaigh, as they are well suited to adventure and derring-do. There is an old saying amongst the gall\u00f3glaigh that there is nothing so immense or terrifying that a human will not poke it. Bands of gall\u00f3glaigh will sometimes require that any humans using magic are certified by the Arcane College in Dra\u00edod, where humans are paired with Vartach instructors for one-to-one instruction. Humans who ask why such requirements are needed are noted as ones to watch.<\/span><\/p>\n\n\n<h3 class=\"wp-block-heading\" id=\"origins-of-the-humans\"><b>Origins of the Humans<\/b><\/h3>\n\n\n<p><span style=\"font-weight: 400;\">Humans regard themselves as the favoured children of the Shaper, because they are so predisposed to interacting with the world around them. After the Shaper had made all the other species and was disappointed that they were too meek and afraid to carry out Their vision for the world, humans were created as a fearless and creative people who would not shy away from the task at hand. Other species counter this claim, saying that humans were obviously created first, and when the Shaper realised with horror that the humans would probably destroy the world unless they were reined in, the other species were created to lend a measure of wisdom and restraint to the firstborn\u2019s antics.<\/span><\/p>\n\n\n\n<p><span style=\"font-weight: 400;\">Humanity\u2019s happy-go-lucky approach to life applies to love and family too; humans tend to have large families and to spread far and wide. Today, humans are found in large numbers in all of the Five Realms, and beyond.<\/span><\/p>\n\n\n<h3 class=\"wp-block-heading\" id=\"playing-a-human\"><b>Playing a Human<\/b><\/h3>\n\n\n<p><span style=\"font-weight: 400;\">Since you portray a human in real life, you already know the physrep requirements! There are no special make-up or facepaint requirements for playing a human. Your character can wear war paint if they like, but please make sure that it will not result in your character being mistaken as a member of another species.<\/span><\/p>\n\n\n\n<p><span style=\"font-weight: 400;\">Throughout the Five Realms, humanity\u2019s optimistic and audacious approach has served them well. They can often surprise the other species with their innovative ideas, for which they have won grudging respect. They have parlayed their reputation into respectable political power across the kingdoms, and even in lands overseas humans are rising into positions of dominance as their ruthless recklessness extends into exploration, scholarship and diplomacy.<\/span><\/p>\n\n\n\n<p><span style=\"font-weight: 400;\">Humans are common in all of the Five Realms, but especially in Bruid and Uasa. There is something about the hardscrabble life in both Realms that appeals to the human outlook. Among the Krieger and Forest Wildlings of Bruid, their drive to explore and challenge the world around them is admired (from afar). In Uasa, they delight in the ongoing transformation of the swamps and marshes into habitable farmland, wondering what else could be achieved with the right combination of knowledge and vision.<\/span><\/p>\n\n\n<h3 class=\"wp-block-heading\" id=\"the-lifespan-of-humans\"><b>The lifespan of Humans<\/b><\/h3>\n\n\n<p><span style=\"font-weight: 400;\">Average life expectancy: 40-50 years.<\/span><span style=\"font-weight: 400;\"><br><\/span><span style=\"font-weight: 400;\">Maximum life expectancy: 100 years old<\/span><span style=\"font-weight: 400;\"><br><\/span><span style=\"font-weight: 400;\">Common causes of death: Misadventure, experiments gone wrong.<\/span><\/p>\n\n\n<h3 class=\"wp-block-heading\" id=\"how-humans-view-the-other-species\"><b>How Humans view the other Species<\/b><\/h3>\n\n\n<ul>\n<li><i><span style=\"font-weight: 400;\">Creidhe: <\/span><\/i><span style=\"font-weight: 400;\">The young ones seem really interesting, but the old ones are boring and want everything to be the same forever.<\/span><\/li>\n\n\n\n<li><i><span style=\"font-weight: 400;\">Drakeblooded: <\/span><\/i><span style=\"font-weight: 400;\">They have the blood of dragons, I wonder if you could use that to bring them back\u2026<\/span><\/li>\n\n\n\n<li><i><span style=\"font-weight: 400;\">Fathach: <\/span><\/i><span style=\"font-weight: 400;\">Living magic rock? Where do they get a mind? Are they just stuffed full of Vartach ghosts? Find out!<\/span><\/li>\n\n\n\n<li><i><span style=\"font-weight: 400;\">Firetouched: <\/span><\/i><span style=\"font-weight: 400;\">Do you think they have to sleep in ponds so they don\u2019t set their houses on fire?<\/span><\/li>\n\n\n\n<li><i><span style=\"font-weight: 400;\">Krieger: <\/span><\/i><span style=\"font-weight: 400;\">These guys get it.<\/span><\/li>\n\n\n\n<li><i><span style=\"font-weight: 400;\">Leasiar: <\/span><\/i><span style=\"font-weight: 400;\">I\u2019m not sure if they do live forever, or if it just seems that way because they are so boring.<\/span><\/li>\n\n\n\n<li><i><span style=\"font-weight: 400;\">Vartach: <\/span><\/i><span style=\"font-weight: 400;\">They turned Rock and Magic into people. Can you imagine what we could do if we figured that out. Metal people! Grass people! Wood people!<\/span><\/li>\n\n\n\n<li><i><span style=\"font-weight: 400;\">Wildlings: <\/span><\/i><span style=\"font-weight: 400;\">If I stay in Bruid too long, will I grow fangs and cool thorns too? Dare you to find out.<\/span><\/li>\n<\/ul>\n\n\n<h3 class=\"wp-block-heading\" id=\"some-humans-you-might-one-day-meet\"><b>Some Humans You Might One Day Meet\u2026<\/b><\/h3>\n\n\n<p><b>Cr\u00f3gan <\/b><span style=\"font-weight: 400;\">is a warrior in the Bluehand Band. Despite coming from quite a well-to-do family in Siabhal, he has earned the nickname \u201cCr\u00f3gan the Scarred\u201d because of the many wounds he has suffered and survived. He gets these wounds mostly from diving into danger and always being in the centre of the fight. His comrades-in-arms know that he would lay down his life for any of them, and he has earned their loyalty a hundred times over. They\u2019re still a bit worried about what he will do next.<\/span><\/p>\n\n\n\n<p><b>Meargana <\/b><span style=\"font-weight: 400;\">is an acolyte in the Arcane College at Crag Oscionn. She was born on the surface of Dra\u00edod, and was sent to study after the third time she had electrocuted a sheep with her unexpected magical outbursts. Now she is studying under Teaga, a Vartach with many years of teaching humans the arcane arts under her belt. The strictures and regimens that Teaga requires Meargana to go through every day are mind-numbing, but Meargana is determined to do well\u2026because then she will get to do fun stuff!<\/span><\/p>\n\n\n\n<p><b>Gr\u00edosla Mac Niamha<\/b><span style=\"font-weight: 400;\"> is a Rider in the highlands of Baol, and one of the most famed humans in all of the Bight, the southern part of the Baolach highlands. She cut her teeth as a youth in raids against the lowlanders, and joined the gall\u00f3glaigh as soon as she was able. At the Battle of Traitor\u2019s Tears, she led the assault that broke the back of the rebel forces. Gr\u00edosla and her warriors scaled a cliff face and attacked the rebels from behind, driving them against their allies to the front. She was made Rider after that, some say as a reward, others say as a way to keep her maniac schemes from spreading any further.<\/span><\/p>\n","protected":false},"excerpt":{"rendered":"<p>&nbsp;\u201cDear Arch Chancellor, I must confess that I do not understand your command to cease my current project and find a new topic of research.As you said in your letter, yes, clochtine is one of the most dangerous substances found in the caves of Dra\u00edod. It is highly volatile and combusts in contact with air.This&hellip;&nbsp;<\/p>\n","protected":false},"author":1,"featured_media":0,"parent":255,"menu_order":0,"comment_status":"closed","ping_status":"closed","template":"","meta":{"neve_meta_sidebar":"","neve_meta_container":"","neve_meta_enable_content_width":"","neve_meta_content_width":0,"neve_meta_title_alignment":"","neve_meta_author_avatar":"","neve_post_elements_order":"","neve_meta_disable_header":"","neve_meta_disable_footer":"","neve_meta_disable_title":"","footnotes":""},"_links":{"self":[{"href":"https:\/\/fiveoaths.com\/wordpress\/wp-json\/wp\/v2\/pages\/264"}],"collection":[{"href":"https:\/\/fiveoaths.com\/wordpress\/wp-json\/wp\/v2\/pages"}],"about":[{"href":"https:\/\/fiveoaths.com\/wordpress\/wp-json\/wp\/v2\/types\/page"}],"author":[{"embeddable":true,"href":"https:\/\/fiveoaths.com\/wordpress\/wp-json\/wp\/v2\/users\/1"}],"replies":[{"embeddable":true,"href":"https:\/\/fiveoaths.com\/wordpress\/wp-json\/wp\/v2\/comments?post=264"}],"version-history":[{"count":2,"href":"https:\/\/fiveoaths.com\/wordpress\/wp-json\/wp\/v2\/pages\/264\/revisions"}],"predecessor-version":[{"id":1160,"href":"https:\/\/fiveoaths.com\/wordpress\/wp-json\/wp\/v2\/pages\/264\/revisions\/1160"}],"up":[{"embeddable":true,"href":"https:\/\/fiveoaths.com\/wordpress\/wp-json\/wp\/v2\/pages\/255"}],"wp:attachment":[{"href":"https:\/\/fiveoaths.com\/wordpress\/wp-json\/wp\/v2\/media?parent=264"}],"curies":[{"name":"wp","href":"https:\/\/api.w.org\/{rel}","templated":true}]}}