{"id":1340,"date":"2025-08-16T19:13:07","date_gmt":"2025-08-16T19:13:07","guid":{"rendered":"https:\/\/fiveoaths.com\/wordpress\/?page_id=1340"},"modified":"2025-08-16T19:13:07","modified_gmt":"2025-08-16T19:13:07","slug":"names-in-the-five-realms","status":"publish","type":"page","link":"https:\/\/fiveoaths.com\/wordpress\/explore-the-world\/tirneach-society\/names-in-the-five-realms\/","title":{"rendered":"Names in the Five Realms"},"content":{"rendered":"\n<p>This page gives an overview of naming conventions in Tirneach. It is intended to describe general trends and tendencies in the setting and to make the information contained within NPC names more readable, not to prescribe how player characters can be named. Players are encouraged to take inspiration from it when naming characters if they wish to.<\/p>\n\n\n<h2 class=\"wp-block-heading\" id=\"common-names\">Common Names<\/h2>\n\n\n<p>It is unusual for most families to have consistent surnames. Typically, someone is given a personal name and, if necessary, other identifiers can be added to that contextually.<\/p>\n\n\n\n<p>Most common is a simple nickname, often based on the person\u2019s habits or appearance:<\/p>\n\n\n\n<ul>\n<li>Fiona Corcra: corcra meaning purple <em>(fee-oh-na kor-kra)<\/em><\/li>\n\n\n\n<li>Caoimhe Gl\u00f3rach: gl\u00f3rach meaning loud (<em>kwee-vah glor-uck)<\/em><\/li>\n\n\n\n<li>Small Laoise: presumably, somewhere there is a taller Laoise <em>(lee-sha)<\/em><\/li>\n<\/ul>\n\n\n\n<p>Other common nicknames include:<\/p>\n\n\n\n<ul>\n<li>Rua (rue-ah) &#8211; Red, red-haired<\/li>\n\n\n\n<li>\u00d3g (oh-g) &#8211; Young, also used to mean Jr.<\/li>\n\n\n\n<li>Sean (shan) &#8211; Old, also used to mean Sr.<\/li>\n\n\n\n<li>Beag (b-yug) &#8211; Small<\/li>\n\n\n\n<li>Mh\u00f3r (mor) &#8211; Big<\/li>\n\n\n\n<li>Donn (dun) &#8211; Brown, brown-haired<\/li>\n\n\n\n<li>Fionn (f-yun) &#8211; Fair, blonde<\/li>\n\n\n\n<li>Cliste (k-lish-ta) &#8211; Clever<\/li>\n<\/ul>\n\n\n\n<p>All of these can be applied sarcastically as well as literally. Nicknames and other identifiers are often in Irish, as there is a feeling common in Tirneach that a <em>proper<\/em> name is given in the Old Tongue.<\/p>\n\n\n\n<p>Another common identifier is location, referring to where the person is from, often denoted with the preposition \u201c\u00f3n\u201d:<\/p>\n\n\n\n<ul>\n<li>Maire \u00d3n Bhruid: from Bruid, a more useful identifier in other realms (<em>mah-ree own vrue-id)<\/em><\/li>\n\n\n\n<li>\u00c1ine \u00d3n Cnoc: from the hill, more useful locally (<em>aw-nyeh own k-nuck)<\/em><\/li>\n\n\n\n<li>Corroch Ailbhe: presumably from, but not living in, Corroch <em>(kor-ock al-veh)<\/em><\/li>\n<\/ul>\n\n\n\n<p>Some people can also pick up names based on well known family members, this is usually done without the prepositions used in more formal names:<\/p>\n\n\n\n<ul>\n<li>Muirrean Deirdre: Deirdre would be the more well known family member (<em>mwih-rin deer-dreh)<\/em><\/li>\n\n\n\n<li>Mary\u2019s Peadar: This makes no assumption as to actual closeness between Mary and Peadar <em>(pyah-der)<\/em><\/li>\n\n\n\n<li>Blathnaid Donnacha Caragh: Blathnaid, child of Donnacha, child of Caragh (<em>blaw-nid dun-na-ka cah-rah)<\/em><\/li>\n<\/ul>\n\n\n<h2 class=\"wp-block-heading\" id=\"high-families\">High Families<\/h2>\n\n\n<p>Amongst the High Families, surnames are more consistent and structured. The exact forms depend on the set of families.<\/p>\n\n\n<h3 class=\"wp-block-heading\" id=\"the-ruby-court\">The Ruby Court<\/h3>\n\n\n<p>Ruby Families name themselves after their Heroic ancestor. This is typically done using the preposition \u201cua\u201d and the families are often referred to using this as a title. For example:<\/p>\n\n\n\n<ul>\n<li>Aoife Ua Nuada is a member of the Ua Nuada family (<em>ee-fah oo-ah nu-ah-dah)<\/em><\/li>\n\n\n\n<li>Rois\u00edn Ua Dhubhgiolla is a member of the Ua Dhubhgiolla family<em> (roh-sheen oo-ah duv-gill-ah)<\/em><\/li>\n\n\n\n<li>S\u00edle Ua Barra is a member of the Ua Barra family <em>(she-lah oo-ah bah-rah)<\/em><\/li>\n<\/ul>\n\n\n\n<p>Multiple families claim descent from each hero though and only the most politically and socially successful can get away with simply referring to themselves as Ua Hero. Others may have to distinguish themselves based on history, location, intervening family members, or other references to the hero:<\/p>\n\n\n\n<ul>\n<li>Sorcha N\u00ed Ruar\u00ed Ua Nuada: Ruar\u00ed may be the founder of this branch or well known in some other way<\/li>\n\n\n\n<li>Orlaith Ua Dhubhgiolla-Barr: The family coming from or based in the town of Barr<\/li>\n\n\n\n<li>L\u00edadan Ua Bu\u00ed: Claiming descent from Barra Bu\u00ed but not to be confused with the Ua Barra.<\/li>\n<\/ul>\n\n\n\n<p>Most of the families of the Carmine Court claim descent from Finian the brave and so none of them use the family name Ua Finian, they all identify themselves based on a later ancestor.<\/p>\n\n\n<h3 class=\"wp-block-heading\" id=\"the-courtly-clanns\">The Courtly Clanns<\/h3>\n\n\n<p>Speaking with their own, members of the Courtly Clanns use simple and functional names in a very similar way to the common folk of Baol. When speaking to someone from outside the Clann however, they will identify themselves as a child of their clann using the prepositions Nic, Mac, or Oc. For example:<\/p>\n\n\n\n<ul>\n<li>Dearbhla \u00d3g Oc Niamha (<em>derr-vlah oh-g ock nee-vah)<\/em><\/li>\n\n\n\n<li>Bronagh \u00d3n Valley Nic Aonghusa (<em>bro-nah own <\/em>valley <em>nik eng-gus-ah<\/em>)<\/li>\n\n\n\n<li>Caolan Mac Cl\u00e1ra (<em>kway-lun mack claw-rah)<\/em><\/li>\n<\/ul>\n\n\n<h3 class=\"wp-block-heading\" id=\"the-chieftans-of-uasa\">The Chieftans of Uasa<\/h3>\n\n\n<p>Each of the Uasan High Families represents the inherited line of one of the leaders of Uasa\u2019s ancient tribes. This means that their naming conventions do technically extend to the common folk of Uasa. Every Uasan family owes loyalty to one of the ancient tribes and so may use the name of that tribe. In everyday life however, the common folk rarely do so. The tribes tend to be named after their homeland, or some central myth of the tribe, which are often lost to time. This most often takes the form of names evoking natural, watery features, either in the old tongue or the new.&nbsp; Tribal allegiance is denoted with the use of the preposition \u201c\u00d3\u201d. For example:<\/p>\n\n\n\n<ul>\n<li>Seosamh \u00d3 Tana\u00ed, meaning of the shallows (<em>sh-oh-suv oh tah-nee<\/em>)<\/li>\n\n\n\n<li>Nuala Glas \u00d3 Sacred-Shell (<em>nu-lah gloss oh<\/em>)<\/li>\n\n\n\n<li>Cian \u00d3 Srutha-L\u00e1idir, meaning of the strong current (<em>keen oh s-ruh-ha law-der<\/em>)<\/li>\n<\/ul>\n\n\n\n<p>Some tribal names are akin to common names, but over time they have firmly become surnames. For instance, the tribe of the shallows would probably have once been \u201c\u00d3 na Thana\u00ed\u201d, but are now simply \u201c\u00d3 Tana\u00ed\u201d. This is partially due to the meanings of the names often being lost, but may also have been an intentional effort in times past to distinguish the names from more common locational names.<\/p>\n\n\n<h2 class=\"wp-block-heading\" id=\"other-naming-conventions\">Other Naming Conventions<\/h2>\n\n<h3 class=\"wp-block-heading\" id=\"draiod\">Dra\u00edod<\/h3>\n\n\n<p>Officially Dra\u00edod has no High Families but they do still have families that are ancient, notable, wealthy, or influential. Families that want to put their name to their deeds and reputation. Amongst these families it is common for a name derived from some legendary deed, nickname, or attribute of an ancestor to become attached to the family and function as a surname. These often involve references to stone, minerals, and other subterranean features. Additionally, the letters K and V are also more common in Dra\u00edodaigh names and rare elsewhere. For example:<\/p>\n\n\n\n<ul>\n<li>Eithne Quartzbreaker (<em>eth-nah<\/em>)<\/li>\n\n\n\n<li>Meav Drakebane <em>(may-v)<\/em><\/li>\n\n\n\n<li>Fiadh Marblespine <em>(fee-ah)<\/em><\/li>\n<\/ul>\n\n\n\n<p>Amongst the Fathach it is not unusual to have a name connected with one&#8217;s purpose or forming some guiding principle suggested by their creator, or adopted later in life. For example:<\/p>\n\n\n\n<ul>\n<li>Ceist, meaning Question (keh-sht)<\/li>\n\n\n\n<li>Quicksand-Bogs-Debate<\/li>\n\n\n\n<li>Through-Clarity-We-Gain-Wisdom<\/li>\n<\/ul>\n\n\n<h3 class=\"wp-block-heading\" id=\"drakeblooded\">Drakeblooded<\/h3>\n\n\n<p>Almost every Drakeblooded is a member of a Drakeblooded house and most of them choose to include this as part of their name. The names of the Drakeblooded houses are derived from the names of their draconic ancestor and almost always take the form of descriptions of weather. It is usually appended to the end of any other names the person uses. For example:<\/p>\n\n\n\n<ul>\n<li>Niamh Airgead Oc Aoibheann Ua Cathbad of House Whispering Wind <em>(neev ah-rih-gid ock ay-veen oo-ah caw-huv)<\/em><\/li>\n\n\n\n<li>Saoirse Beag of House Crashing Rain <em>(seer-sha byug)<\/em><\/li>\n\n\n\n<li>Ciara Mac Aonghusa of House Vital Rains <em>(keer-ah mak eng-gus-ah)<\/em><\/li>\n<\/ul>\n","protected":false},"excerpt":{"rendered":"<p>This page gives an overview of naming conventions in Tirneach. It is intended to describe general trends and tendencies in the setting and to make the information contained within NPC names more readable, not to prescribe how player characters can be named. Players are encouraged to take inspiration from it when naming characters if they&hellip;&nbsp;<\/p>\n","protected":false},"author":1,"featured_media":0,"parent":987,"menu_order":0,"comment_status":"closed","ping_status":"closed","template":"","meta":{"neve_meta_sidebar":"","neve_meta_container":"","neve_meta_enable_content_width":"","neve_meta_content_width":0,"neve_meta_title_alignment":"","neve_meta_author_avatar":"","neve_post_elements_order":"","neve_meta_disable_header":"","neve_meta_disable_footer":"","neve_meta_disable_title":"","footnotes":""},"_links":{"self":[{"href":"https:\/\/fiveoaths.com\/wordpress\/wp-json\/wp\/v2\/pages\/1340"}],"collection":[{"href":"https:\/\/fiveoaths.com\/wordpress\/wp-json\/wp\/v2\/pages"}],"about":[{"href":"https:\/\/fiveoaths.com\/wordpress\/wp-json\/wp\/v2\/types\/page"}],"author":[{"embeddable":true,"href":"https:\/\/fiveoaths.com\/wordpress\/wp-json\/wp\/v2\/users\/1"}],"replies":[{"embeddable":true,"href":"https:\/\/fiveoaths.com\/wordpress\/wp-json\/wp\/v2\/comments?post=1340"}],"version-history":[{"count":2,"href":"https:\/\/fiveoaths.com\/wordpress\/wp-json\/wp\/v2\/pages\/1340\/revisions"}],"predecessor-version":[{"id":1343,"href":"https:\/\/fiveoaths.com\/wordpress\/wp-json\/wp\/v2\/pages\/1340\/revisions\/1343"}],"up":[{"embeddable":true,"href":"https:\/\/fiveoaths.com\/wordpress\/wp-json\/wp\/v2\/pages\/987"}],"wp:attachment":[{"href":"https:\/\/fiveoaths.com\/wordpress\/wp-json\/wp\/v2\/media?parent=1340"}],"curies":[{"name":"wp","href":"https:\/\/api.w.org\/{rel}","templated":true}]}}