{"id":1090,"date":"2025-05-11T13:50:08","date_gmt":"2025-05-11T13:50:08","guid":{"rendered":"https:\/\/fiveoaths.com\/wordpress\/?page_id=1090"},"modified":"2025-10-04T15:19:05","modified_gmt":"2025-10-04T15:19:05","slug":"history-of-the-band","status":"publish","type":"page","link":"https:\/\/fiveoaths.com\/wordpress\/explore-the-world\/the-galloglaigh\/history-of-the-band\/","title":{"rendered":"History of the Band"},"content":{"rendered":"\n<p>This collects the various missions the band has been sent on over the course of the game. All of this is reasonably public knowledge for anyone who cares to do a little digging. It is possible that some of these missions may have had other goals that aren&#8217;t generally well known.<\/p>\n\n\n\n<ul>\n<li><strong>Season of Loyalty &#8211; Summer 797<\/strong><br>The band was formed under Thane Declan \u00d3 Ceallaigh. They foiled a Riverborn plot to flood Corroch.<\/li>\n\n\n\n<li><strong>Season of Seeking &#8211; Autumn 797<\/strong><br>The band was contracted by Rider Duardo Ortega Mera to defend the Cattle Mart of Baol at Buncr\u00edoch.<\/li>\n\n\n\n<li><strong>Season of Uncertainty &#8211; 798-799<\/strong><br>Cumhacht na R\u00e9ig was scattered across the Five Realms in the chaos.<\/li>\n\n\n\n<li><strong>Season of Renewal &#8211; Autumn 800<\/strong><br>The band was reformed under Thane Ualgarg Corcra. They were contracted by Iarla \u00c9althna N\u00ed \u00d3rfhaiche to hunt a Helfa Wyllt in the Grey Lands.<\/li>\n\n\n\n<li><strong>Season of Smiling &#8211; Spring 801<\/strong><br>The band was hired by Rider Donaron to kill the Smiling Gwyllt in Tr\u00e1graig.<\/li>\n\n\n\n<li><strong>Season of Graves &#8211; Summer 801<\/strong><br>The band was hired by the Arcane College to clear sealed tunnels to allow for its expansion.<\/li>\n\n\n\n<li><strong>Season of Grief &#8211; Autumn 801<\/strong><br>The band was sent by R\u00e9ig Tiarnan Mac Aonghusa to the Shaper\u2019s Steps, to investigate the death of the previous r\u00e9ig.<\/li>\n\n\n\n<li><strong>Season of Scrutiny &#8211; Spring 802<\/strong><br>The band was hired by Rider Lachtna of Scornach on behalf of the Pilot\u2019s Guild of Bealcoch to clamp down on unlicensed pilots in the gullet.<\/li>\n\n\n\n<li><strong>Season of Recovery &#8211; Summer 802<\/strong><br>The band was hired by Rider Cethern Mac Fintain of Dun Hale to clear the area of monsters so that the area could be resettled.<\/li>\n\n\n\n<li><strong>Season of Masquerade &#8211; Autumn 802<\/strong><br>The band was hired by Rider Toirdhealbhach Ua Fiona to protect the grain silos of Iomra during the harvest. <\/li>\n\n\n\n<li><strong>Season of Felling &#8211; Spring 803<\/strong><br>The band was sent by R\u00e9ig Tiarnan Mac Aonghusa to Bruid, to clear trees and drive back the great forest.<\/li>\n\n\n\n<li><strong>Season of Reinforcement &#8211; Summer 803<\/strong><br>The band was hired by Rider Ganclann of D\u00eddean to train the local militia.<\/li>\n\n\n\n<li><strong>Season of Sorcery &#8211; Autumn 803<\/strong><br>The band was hired by Rider Rafferty Stoneheart of Shepherd&#8217;s Stand to fight a powerful undead mage.<\/li>\n<\/ul>\n","protected":false},"excerpt":{"rendered":"<p>This collects the various missions the band has been sent on over the course of the game. All of this is reasonably public knowledge for anyone who cares to do a little digging. It is possible that some of these missions may have had other goals that aren&#8217;t generally well known.<\/p>\n","protected":false},"author":1,"featured_media":0,"parent":1086,"menu_order":0,"comment_status":"closed","ping_status":"closed","template":"","meta":{"neve_meta_sidebar":"","neve_meta_container":"","neve_meta_enable_content_width":"","neve_meta_content_width":0,"neve_meta_title_alignment":"","neve_meta_author_avatar":"","neve_post_elements_order":"","neve_meta_disable_header":"","neve_meta_disable_footer":"","neve_meta_disable_title":"","footnotes":""},"_links":{"self":[{"href":"https:\/\/fiveoaths.com\/wordpress\/wp-json\/wp\/v2\/pages\/1090"}],"collection":[{"href":"https:\/\/fiveoaths.com\/wordpress\/wp-json\/wp\/v2\/pages"}],"about":[{"href":"https:\/\/fiveoaths.com\/wordpress\/wp-json\/wp\/v2\/types\/page"}],"author":[{"embeddable":true,"href":"https:\/\/fiveoaths.com\/wordpress\/wp-json\/wp\/v2\/users\/1"}],"replies":[{"embeddable":true,"href":"https:\/\/fiveoaths.com\/wordpress\/wp-json\/wp\/v2\/comments?post=1090"}],"version-history":[{"count":8,"href":"https:\/\/fiveoaths.com\/wordpress\/wp-json\/wp\/v2\/pages\/1090\/revisions"}],"predecessor-version":[{"id":1372,"href":"https:\/\/fiveoaths.com\/wordpress\/wp-json\/wp\/v2\/pages\/1090\/revisions\/1372"}],"up":[{"embeddable":true,"href":"https:\/\/fiveoaths.com\/wordpress\/wp-json\/wp\/v2\/pages\/1086"}],"wp:attachment":[{"href":"https:\/\/fiveoaths.com\/wordpress\/wp-json\/wp\/v2\/media?parent=1090"}],"curies":[{"name":"wp","href":"https:\/\/api.w.org\/{rel}","templated":true}]}}