{"id":1069,"date":"2025-05-09T19:33:22","date_gmt":"2025-05-09T19:33:22","guid":{"rendered":"https:\/\/fiveoaths.com\/wordpress\/?page_id=1069"},"modified":"2025-05-09T19:33:23","modified_gmt":"2025-05-09T19:33:23","slug":"so-you-want-to-be-a-galloglach","status":"publish","type":"page","link":"https:\/\/fiveoaths.com\/wordpress\/getting-started\/so-you-want-to-be-a-galloglach\/","title":{"rendered":"So you Want to be a Gall\u00f3glach"},"content":{"rendered":"\n<p>Welcome to Five Oaths, and the land of Tirneach! By joining our game, your character will be a Gall\u00f3glach, essentially a Very Special kind of mercenary who fight as part of a Band, sworn to serve the ruler, the deity, and the realm!<\/p>\n\n\n\n<p>As part of creating your character, you\u2019ll need to answer a number of <a href=\"https:\/\/drive.google.com\/file\/d\/10cl9OyT-8WWHqABet9gsb5WpsN1OOSQk\/view?fbclid=IwAR3Y5pE3XijlE9xtu0S5shSz5k0ywP6pPGZQDo_WwtJqZ1TCu437ON1isTs\">questions<\/a> on their background &#8211; some of these are multiple choice (species, realm of origin), some are more free-form (family life, greatest fears). But one of them is a little bit of both:<\/p>\n\n\n\n<p><em>\u201c<\/em><em>Why did they choose to join the Gall\u00f3glaigh and<\/em><strong><em> how did they qualify?<\/em><\/strong><em>\u201d&nbsp;<\/em><\/p>\n\n\n\n<p>Since we\u2019ve noticed that this question is a bit harder to answer than others, we wanted to write this guide going through the options, along with some examples of answers to that question, and what levels of setting knowledge\/experience they might be suitable for.<\/p>\n\n\n<h2 class=\"wp-block-heading\" id=\"who-can-become-a-galloglach\">Who can become a Gall\u00f3glach<\/h2>\n\n\n<figure class=\"wp-block-image size-full is-resized\"><img loading=\"lazy\" decoding=\"async\" width=\"583\" height=\"547\" src=\"https:\/\/fiveoaths.com\/wordpress\/wp-content\/uploads\/2025\/05\/image-2.png\" alt=\"\" class=\"wp-image-1073\" style=\"width:277px;height:auto\" srcset=\"https:\/\/fiveoaths.com\/wordpress\/wp-content\/uploads\/2025\/05\/image-2.png 583w, https:\/\/fiveoaths.com\/wordpress\/wp-content\/uploads\/2025\/05\/image-2-300x281.png 300w\" sizes=\"(max-width: 583px) 100vw, 583px\" \/><\/figure>\n\n\n<h3 class=\"wp-block-heading\" id=\"the-tiarnai\">The Tiarna\u00ed<\/h3>\n\n\n<p><a href=\"https:\/\/fiveoaths.com\/wordpress\/explore-the-world\/tirneach-society\/tiarnai-and-high-families\/\" data-type=\"page\" data-id=\"429\">This is the \u201cofficial\u201d, hard power structure in Tirneach<\/a> &#8211; 1 R\u00e9ig, 4 Iarlas (one for each realm besides Uasa) who answer to them, then many Riders who each answer to an Iarla.\u00a0<\/p>\n\n\n\n<p>In Crusader Kings terms, think King &gt; Duke &gt; Count. We\u2019ll obviously have a lot of questions for you if you want to be related to one of the Iarlas (let alone the R\u00e9ig!), but being the child of a Rider is a totally valid character option.<\/p>\n\n\n\n<p>One important thing about Tiarna\u00ed titles is they\u2019re very rarely inherited, so the children of the Tiarna\u00ed must seek to make their own name &#8211; often as a Gall\u00f3glach! This also means that it\u2019s easy and common to have Riders from all Species, even those newer to Tirneach.<\/p>\n\n\n<h3 class=\"wp-block-heading\" id=\"the-high-families\">The High Families<\/h3>\n\n\n<p>These mostly represent the vestiges of the power systems that existed before the first R\u00e9ig arrived in Tirneach &#8211; they\u2019ll overlap in some way with the Tiarna\u00ed, and maybe even each other, but are much larger in scope and represent a softer kind of power.<\/p>\n\n\n\n<p>For detail on the individual options, take a look at <a href=\"https:\/\/fiveoaths.com\/wordpress\/explore-the-world\/tiarnai-and-high-families\/\">this<\/a> post, however the short version is that these represent the \u201chigh society\u201d of Highland Baol, Siabhal &amp; Uasa, along with nearly all members of the Drakeblooded species.<\/p>\n\n\n\n<p>An important thing to consider is that while cross species breeding is impossible in this setting, adoption is extremely common and acceptable &#8211; adopted children are no different, legally or socially, from natural born ones. So there\u2019s nothing stopping a species less common in a region from being a part of the High Families, i.e. a Krieger being \u201cdescended\u201d from an Uasan Chieftain<\/p>\n\n\n<h3 class=\"wp-block-heading\" id=\"fostered-as-part-of-a-treaty\">Fostered as part of a treaty<\/h3>\n\n\n<p>Common in Tirneach is the practice of enforcing a treaty or agreement by fostering children from the other party &#8211; either as an exchange to bring the sides closer, a hostage to keep everyone honest, or both, or neither. A couple of examples are:<\/p>\n\n\n\n<ul>\n<li>Theon Greyjoy in Game of Thrones<\/li>\n\n\n\n<li>Liam in a Crown of Candy (Dimension 20)<\/li>\n\n\n\n<li>Lugh from Irish Mythology<\/li>\n\n\n\n<li>Vlad the Impaler from History<\/li>\n<\/ul>\n\n\n\n<p>Fostered children would thus be raised among the other families. Whether their loyalty in later life followed nature, nurture, both or neither is entirely up to you and the story you want to tell! Regardless of the status of the families, children raised this way can all become Gall\u00f3glaigh if they so wish.<\/p>\n\n\n<h3 class=\"wp-block-heading\" id=\"the-leasair-species\">The Leasair Species<\/h3>\n\n\n<p>All <a href=\"https:\/\/fiveoaths.com\/wordpress\/explore-the-world\/the-species\/leasiar\/\" data-type=\"page\" data-id=\"270\">Leasair<\/a> can be Gall\u00f3glaigh. While this is ostensibly in order to accommodate \u201ccandled\u201d leasair who do not know their own history and so may qualify under one or more other categories, it applies to all members of the species.<\/p>\n\n\n<h3 class=\"wp-block-heading\" id=\"the-weeping\">The Weeping<\/h3>\n\n\n<p>All <a href=\"https:\/\/fiveoaths.com\/wordpress\/explore-the-world\/the-species\/weeping\/\" data-type=\"page\" data-id=\"801\">Weeping<\/a> can be Gall\u00f3glaigh, due to an ancient decree from the first R\u00e9ig, called the Atosu edict (Atosu being the in-game term for when a corpse starts bleeding from the eyes and sits up).<\/p>\n\n\n<h3 class=\"wp-block-heading\" id=\"recommended-by-a-galloglach\">Recommended by a Gall\u00f3glach<\/h3>\n\n\n<p>Finally, any Gall\u00f3glach, be they active or retired, can recommend that an otherwise unqualified candidate be allowed to become a Gall\u00f3glach. This doesn\u2019t necessarily have to mean joining their band, though the sponsoring Gall\u00f3glach might want to keep a close eye on the candidate, as their actions will no doubt reflect on them, for better or worse.<\/p>\n\n\n<h2 class=\"wp-block-heading\" id=\"ok-but-what-should-i-pick\">Ok, but what should I pick?<\/h2>\n\n\n<p>So it\u2019s possible that by now one of the options above is speaking to your soul, and a backstory is already unwinding in your hindbrain. But if it\u2019s not, or you just want to feed it some more, or you&#8217;re nervous about whether the idea works, then read on!<\/p>\n\n\n\n<p>So one of the things that seems to drive people&#8217;s decisions here is the amount of setting knowledge they have, how much they feel is expected, and how much they want to learn in play. That makes a load of sense &#8211; the world of Five Oaths can be kind of overwhelming, especially if you\u2019re new to LARP. To that end, here\u2019s a few ideas pitched at various levels<\/p>\n\n\n<h3 class=\"wp-block-heading\" id=\"i-dont-really-know-the-setting\">I don\u2019t really know the setting<\/h3>\n\n\n<p>Maybe you\u2019re totally lost, or maybe you just want to learn things as your character. If you want a character concept that gives you a lot of leeway to be unfamiliar, there\u2019s some options available.<\/p>\n\n\n\n<p>Be warned, though, with these options there will still be an expectation of some setting knowledge &#8211; as it says above, there are oaths you swore to join the band, and it\u2019s expected that your character knows enough to have made those with informed consent.<\/p>\n\n\n<h4 class=\"wp-block-heading\" id=\"newly-candled-leasair\">Newly Candled Leasair<\/h4>\n\n\n<p>Our longest lived species, the Leasair, have a magical ritual they use to make their life span more tolerable, called \u201cThe Path of Many Candles\u201d. You can read more about it <a href=\"https:\/\/fiveoaths.com\/wordpress\/the-path-of-many-candles\/\">here<\/a>, but the short version is that, in order to deal with the pains of a long life, Leasair can choose to lose their memory and begin anew.<\/p>\n\n\n\n<p>On top of that, any member of the leasair species can become a Gall\u00f3glach with no other qualifications needed. So playing someone who has recently candled is a great option for someone who wants to learn the setting afresh with the band. Not to mention, the essential phys-rep requirements for leasair are quite simple (wearing pointed ear tips)<\/p>\n\n\n<h4 class=\"wp-block-heading\" id=\"sheltered-upbringing\">Sheltered Upbringing<\/h4>\n\n\n<p>On the other hand, you don\u2019t have to have amnesia to not know the setting! Most Gall\u00f3glaigh are drawn from the upper echelons of society, as detailed above, and it\u2019s perfectly reasonable to play, for example:<\/p>\n\n\n\n<ul>\n<li>The child of a rider who was a helicopter parent, now becoming a Gall\u00f3glach to escape&nbsp;<\/li>\n\n\n\n<li>Someone raised as a hostage\/foster, who had limited freedoms to stop them running off<\/li>\n\n\n\n<li>Someone from Bruid, for whom the outside world was just too dangerous<\/li>\n\n\n\n<li>A member of a Drakeblooded house who lived a simple life despite their \u201cproud heritage\u201d<\/li>\n<\/ul>\n\n\n\n<p>Remember, in the Gaelic\/Early Medieval setting of Tirneach, having status or a title doesn\u2019t always mean that you\u2019re swanning around in court, it can also be something more down to earth and practical (especially in Bruid).<\/p>\n\n\n<h4 class=\"wp-block-heading\" id=\"just-a-lil-guy\">Just a lil guy<\/h4>\n\n\n<p>If neither of the above is your speed, it\u2019s also possible to become a Gall\u00f3glach by referral from another Gall\u00f3glach, instead of how you grew up. This can be another player, or an NPC &#8211; The Gall\u00f3glach referral isn\u2019t specific to the band they belong to, it\u2019s a blank cheque to join the band of your choosing.<\/p>\n\n\n\n<p>So you can just as easily play Aoife the farmhand who saved the life of a Gall\u00f3glaich by clobbering a wild animal with a pitchfork, and was offered a chance at a greater life outside her village!<\/p>\n\n\n<h4 class=\"wp-block-heading\" id=\"weepingnbsp\">Weeping <\/h4>\n\n\n<p><strong><em>(Not recommended for beginner LARPers)<\/em><\/strong><\/p>\n\n\n\n<p>Lastly, a similar, but also very different, option to a candled Leasair is to play a Weeping. Weeping are not a species, but are instead members of one of the other species who (despite definitely not being Undead) appear to have died and then risen again, with no memories of their former lives, and with skills and abilities that they did not have before death.<\/p>\n\n\n\n<p>While playing a weeping gives more flexibility than the above option, they have other complexities &#8211; for one thing, a more onerous physrep requirement, of blood seeping constantly from their eyes. Perhaps more challenging though is the social position &#8211; the Weeping are very much outsiders in Tirneach society &#8211; not everyone accepts or trusts them, and they can find themselves drifting away from &#8211; or even being forced out of &#8211; the communities they, or their body, had belonged to. As such, we don\u2019t recommend this for players who are new to LARP.<\/p>\n\n\n<h3 class=\"wp-block-heading\" id=\"ok-i-want-to-know-more-than-that-but-still-not-much\">Ok, I want to know more than that, but still not much<\/h3>\n\n\n<p>If all of the above options seem like they\u2019re a little too restrictive, but you still don\u2019t feel comfortable with your level of OOC knowledge, that\u2019s a-ok &#8211; there are some great ways to give yourself familiarity with a portion you can go deep on, while still building in blind spots to discover!<\/p>\n\n\n<h4 class=\"wp-block-heading\" id=\"i-know-one-of-the-realms-really-well\">I know one of the Realms really well<\/h4>\n\n\n<p>This is definitely the easiest option, and can be done well as an expanded form of \u201c<strong>Sheltered Upbringing<\/strong>.\u201d Most of the riders and high families in a given realm are probably more invested in intra-realm things than inter-realm things, so that can easily be what you care about.<\/p>\n\n\n<h4 class=\"wp-block-heading\" id=\"i-know-one-particular-area-politicsmagiccombat-well\">I know one particular area (politics\/magic\/combat) well<\/h4>\n\n\n<p>Again, this is super easy to make work &#8211; we all know someone who can recite pi to 100 digits but can\u2019t rewire a plug or name the 32 counties. It\u2019s totally ok for your character to be hyper focused on courtly intrigue, military tactics and strategy, the nature of how magic works, etc.<\/p>\n\n\n\n<p>In fact, this is probably something that\u2019s relatively easy to justify as a member of the upper crust who\u2019s had the opportunity to be super focused, because they had people for other things!<\/p>\n\n\n<h4 class=\"wp-block-heading\" id=\"im-not-from-round-these-partsnbsp\">I\u2019m not from round these parts <\/h4>\n\n\n<p><strong><em>(Not currently available for Orohogar)*<\/em><\/strong><\/p>\n\n\n\n<p>There are two neighbouring countries it is possible to have come from, although they are reachable only by an extended and dangerous sea voyage:<\/p>\n\n\n\n<ul>\n<li>The Scandi-Germanic Schlachtfeld to the west, ancestral home of the Krieger,<\/li>\n\n\n\n<li>The Spanish-inspired Orohogar to the East, where the Firetouched first came from.<\/li>\n<\/ul>\n\n\n\n<p>While most of the Krieger &amp; Firetouched in Tirneach would have been born here or come here long ago, it is possible to play someone who\u2019s quite new to these shores &#8211; this would mean having a fairly deep knowledge of what that nation is like (we\u2019ll provide some additional information to help with that), but only shallow knowledge of Tirneach.<\/p>\n\n\n\n<p>Importantly, though, we expect this type of character to have been in Tirneach for a while, in order to make their oaths \u201cproperly\u201d. This is why we consider this more of a \u201cless knowledge\u201d path than a \u201cno knowledge path &#8211; you need to learn both settings to a higher level than some of the options above.<\/p>\n\n\n\n<p>We do also want to reiterate that if you just like the species and cultural notes, many Firetouched and Krieger are born in Tirneach, sometimes to parents who are newly settled, some to families that have been established in Tirneach for many generations, but like all immigrant cultures, keep some traditions alive.<\/p>\n\n\n\n<p>Additionally, the voyage from there to here is a major undertaking in the setting of Five Oaths, and you should not anticipate ever travelling (in uptime or downtime) back to your homeland. If your character ever decided they needed to return, facilitating this would probably be a matter of retiring the character.<\/p>\n\n\n\n<p><strong><em>*Wait, why isn\u2019t being from Orohogar currently available? <\/em><\/strong><em>Recently we\u2019ve received a significant number of character submissions with this background. While this isn\u2019t at all a problem, we want to pump the brakes on it a little, so those characters feel as special and interesting as they should feel within Tirneach. Sort of like how if everyone is Drizzt, no one is Drizzt.&nbsp;<\/em><\/p>\n\n\n<h3 class=\"wp-block-heading\" id=\"wait-nevermind-i-want-to-know-even-less\">Wait, nevermind, I want to know even less<\/h3>\n\n\n<p>Some players want to play a character who knows little to nothing of the setting, and learn about the setting in play. Unfortunately, that\u2019s not something we\u2019re comfortable supporting for player characters in Five Oaths. Building a meaningful, real feeling setting means having everyone on the same page, at least a little bit &#8211; otherwise it can have a negative impact on everyone\u2019s roleplay.<\/p>\n\n\n\n<p>That said, we\u2019re not going to turn anyone away, so if you\u2019re totally uncomfortable with any type of setting knowledge, but still want to play in our world:<\/p>\n\n\n<h4 class=\"wp-block-heading\" id=\"monstering\">Monstering<\/h4>\n\n\n<p>Five Oaths, like most field LARPs, only works because of a dedicated team of what we call Monsters, and what might elsewhere be called crew, skirmish team, or NPCs. If you come along to play the game this way, we\u2019ll be sending you out to play Everyone Else who isn\u2019t the player party, and we\u2019ll be providing you with a brief before you go out every time. We\u2019re not going to give you a brief you aren\u2019t comfortable with, and there will always be options that don\u2019t rely on setting knowledge.<\/p>\n\n\n\n<p>Additionally, monstering isn\u2019t a forever commitment &#8211; maybe you\u2019ll try it for your first game, and then have enough grounding to go for one of the above, or some other kind of character. Or maybe you\u2019ll have caught the bug and go read everything we\u2019ve written. Or maybe you\u2019ll keep on monstering &#8211; some of our monster team have been here since Day 1 and are still having too much fun to switch to playing!<\/p>\n\n\n\n<p>Whatever you decide you want to do, you\u2019re always welcome to reach out at <a href=\"mailto:info@fiveoaths.com\">info@fiveoaths.com<\/a> with any questions or concerns &#8211; we look forward to hearing from you.<\/p>\n","protected":false},"excerpt":{"rendered":"<p>Welcome to Five Oaths, and the land of Tirneach! By joining our game, your character will be a Gall\u00f3glach, essentially a Very Special kind of mercenary who fight as part of a Band, sworn to serve the ruler, the deity, and the realm! As part of creating your character, you\u2019ll need to answer a number&hellip;&nbsp;<\/p>\n","protected":false},"author":1,"featured_media":0,"parent":27,"menu_order":0,"comment_status":"closed","ping_status":"closed","template":"","meta":{"neve_meta_sidebar":"","neve_meta_container":"","neve_meta_enable_content_width":"","neve_meta_content_width":0,"neve_meta_title_alignment":"","neve_meta_author_avatar":"","neve_post_elements_order":"","neve_meta_disable_header":"","neve_meta_disable_footer":"","neve_meta_disable_title":"","footnotes":""},"_links":{"self":[{"href":"https:\/\/fiveoaths.com\/wordpress\/wp-json\/wp\/v2\/pages\/1069"}],"collection":[{"href":"https:\/\/fiveoaths.com\/wordpress\/wp-json\/wp\/v2\/pages"}],"about":[{"href":"https:\/\/fiveoaths.com\/wordpress\/wp-json\/wp\/v2\/types\/page"}],"author":[{"embeddable":true,"href":"https:\/\/fiveoaths.com\/wordpress\/wp-json\/wp\/v2\/users\/1"}],"replies":[{"embeddable":true,"href":"https:\/\/fiveoaths.com\/wordpress\/wp-json\/wp\/v2\/comments?post=1069"}],"version-history":[{"count":3,"href":"https:\/\/fiveoaths.com\/wordpress\/wp-json\/wp\/v2\/pages\/1069\/revisions"}],"predecessor-version":[{"id":1102,"href":"https:\/\/fiveoaths.com\/wordpress\/wp-json\/wp\/v2\/pages\/1069\/revisions\/1102"}],"up":[{"embeddable":true,"href":"https:\/\/fiveoaths.com\/wordpress\/wp-json\/wp\/v2\/pages\/27"}],"wp:attachment":[{"href":"https:\/\/fiveoaths.com\/wordpress\/wp-json\/wp\/v2\/media?parent=1069"}],"curies":[{"name":"wp","href":"https:\/\/api.w.org\/{rel}","templated":true}]}}